{"id":198,"date":"2020-10-09T14:37:18","date_gmt":"2020-10-09T14:37:18","guid":{"rendered":"https:\/\/qi11.qodeinteractive.com\/?page_id=198"},"modified":"2026-03-18T15:02:22","modified_gmt":"2026-03-18T14:02:22","slug":"a-propos","status":"publish","type":"page","link":"https:\/\/lemascharlemagne.fr\/?page_id=198","title":{"rendered":"\u00c0 PROPOS"},"content":{"rendered":"\t\t<div data-elementor-type=\"wp-page\" data-elementor-id=\"198\" class=\"elementor elementor-198\">\n\t\t\t\t\t\t<section class=\"elementor-section elementor-top-section elementor-element elementor-element-6706be50 elementor-section-full_width qodef-elementor-content-grid elementor-section-height-default elementor-section-height-default\" data-id=\"6706be50\" data-element_type=\"section\" data-settings=\"{&quot;jet_parallax_layout_list&quot;:[],&quot;background_background&quot;:&quot;classic&quot;}\">\n\t\t\t\t\t\t<div class=\"elementor-container elementor-column-gap-no\">\n\t\t\t\t\t<div class=\"elementor-column elementor-col-50 elementor-top-column elementor-element elementor-element-3ae4a43f\" data-id=\"3ae4a43f\" data-element_type=\"column\">\n\t\t\t<div class=\"elementor-widget-wrap elementor-element-populated\">\n\t\t\t\t\t\t<div class=\"elementor-element elementor-element-6de74e96 elementor-widget elementor-widget-image\" data-id=\"6de74e96\" data-element_type=\"widget\" data-widget_type=\"image.default\">\n\t\t\t\t<div class=\"elementor-widget-container\">\n\t\t\t\t\t\t\t\t\t\t\t\t\t\t\t<img fetchpriority=\"high\" decoding=\"async\" width=\"850\" height=\"850\" src=\"https:\/\/lemascharlemagne.fr\/wp-content\/uploads\/2023\/12\/elevage-charlemagne-e1702533459720.jpeg\" class=\"attachment-full size-full wp-image-1382\" alt=\"photo \u00e9levage\" srcset=\"https:\/\/lemascharlemagne.fr\/wp-content\/uploads\/2023\/12\/elevage-charlemagne-e1702533459720.jpeg 850w, https:\/\/lemascharlemagne.fr\/wp-content\/uploads\/2023\/12\/elevage-charlemagne-e1702533459720-300x300.jpeg 300w, https:\/\/lemascharlemagne.fr\/wp-content\/uploads\/2023\/12\/elevage-charlemagne-e1702533459720-100x100.jpeg 100w, https:\/\/lemascharlemagne.fr\/wp-content\/uploads\/2023\/12\/elevage-charlemagne-e1702533459720-600x600.jpeg 600w, https:\/\/lemascharlemagne.fr\/wp-content\/uploads\/2023\/12\/elevage-charlemagne-e1702533459720-150x150.jpeg 150w, https:\/\/lemascharlemagne.fr\/wp-content\/uploads\/2023\/12\/elevage-charlemagne-e1702533459720-768x768.jpeg 768w, https:\/\/lemascharlemagne.fr\/wp-content\/uploads\/2023\/12\/elevage-charlemagne-e1702533459720-650x650.jpeg 650w\" sizes=\"(max-width: 850px) 100vw, 850px\" \/>\t\t\t\t\t\t\t\t\t\t\t\t\t\t\t<\/div>\n\t\t\t\t<\/div>\n\t\t\t\t\t<\/div>\n\t\t<\/div>\n\t\t\t\t<div class=\"elementor-column elementor-col-50 elementor-top-column elementor-element elementor-element-cfaca11\" data-id=\"cfaca11\" data-element_type=\"column\">\n\t\t\t<div class=\"elementor-widget-wrap elementor-element-populated\">\n\t\t\t\t\t\t<div class=\"elementor-element elementor-element-59a0132d elementor-widget elementor-widget-qi_addons_for_elementor_section_title\" data-id=\"59a0132d\" data-element_type=\"widget\" data-widget_type=\"qi_addons_for_elementor_section_title.default\">\n\t\t\t\t<div class=\"elementor-widget-container\">\n\t\t\t\t\t<div class=\"qodef-shortcode qodef-m qodef-qi-section-title qodef-decoration--italic qodef-link--underline-draw qodef-subtitle-icon--left\">\n\t\t\t<h2 class=\"qodef-m-title\">\n\t\tL'histoire du Mas Charlemagne\t<\/h2>\n\t\t\t\t<p class=\"qodef-m-subtitle\">\n\t\tL'accueil dans les g\u00e8nes\t\t\t<\/p>\n\t\t\t<div class=\"qodef-m-text\"><p class=\"font_8 wixui-rich-text__text\" style=\"text-align: justify\"><span class=\"wixui-rich-text__text\">Originaires de la Haute Savoie, vall\u00e9e des Aravis, tout deux, pisteurs secouristes, ma\u00eetres chiens d'avalanches, Joris moniteur d'escalade, canyoning, vtt, formateur des ma\u00eetres chiens d'avalanche et Dominique responsable avec sa soeur de l'h\u00f4tel familial de L'Hermitage \u00e0 Th\u00f4nes.<\/span><\/p><p class=\"font_8 wixui-rich-text__text\" style=\"text-align: justify\"><span class=\"wixui-rich-text__text\">Amoureux de la nature et des beaux paysages, nous avons choisi l'Ard\u00e8che comme destination, avec comme toile de fond, les Gorges de l'Ard\u00e8che, du Chassezac, Vallon Pont d'Arc, Ruoms et tous les magnifiques sites que nous propose cette r\u00e9gion atypique.<\/span><\/p><p class=\"font_8 wixui-rich-text__text\">\u00a0<\/p><\/div>\n\t<\/div>\n\t\t\t\t<\/div>\n\t\t\t\t<\/div>\n\t\t\t\t\t<\/div>\n\t\t<\/div>\n\t\t\t\t\t<\/div>\n\t\t<\/section>\n\t\t<div class=\"elementor-element elementor-element-391dc2a e-flex e-con-boxed qodef-elementor-content-no e-con e-parent\" data-id=\"391dc2a\" data-element_type=\"container\" data-settings=\"{&quot;jet_parallax_layout_list&quot;:[]}\">\n\t\t\t\t\t<div class=\"e-con-inner\">\n\t\t<div class=\"elementor-element elementor-element-2e749d2 e-con-full e-flex qodef-elementor-content-no e-con e-child\" data-id=\"2e749d2\" data-element_type=\"container\" data-settings=\"{&quot;background_background&quot;:&quot;classic&quot;,&quot;jet_parallax_layout_list&quot;:[]}\">\n\t\t\t\t<div class=\"elementor-element elementor-element-c0479b0 elementor-widget elementor-widget-image\" data-id=\"c0479b0\" data-element_type=\"widget\" data-widget_type=\"image.default\">\n\t\t\t\t<div class=\"elementor-widget-container\">\n\t\t\t\t\t\t\t\t\t\t\t\t\t\t\t<img decoding=\"async\" width=\"362\" height=\"365\" src=\"https:\/\/lemascharlemagne.fr\/wp-content\/uploads\/2026\/03\/dominique-charlemagne.jpg\" class=\"attachment-large size-large wp-image-2359\" alt=\"\" srcset=\"https:\/\/lemascharlemagne.fr\/wp-content\/uploads\/2026\/03\/dominique-charlemagne.jpg 362w, https:\/\/lemascharlemagne.fr\/wp-content\/uploads\/2026\/03\/dominique-charlemagne-298x300.jpg 298w, https:\/\/lemascharlemagne.fr\/wp-content\/uploads\/2026\/03\/dominique-charlemagne-150x150.jpg 150w, https:\/\/lemascharlemagne.fr\/wp-content\/uploads\/2026\/03\/dominique-charlemagne-100x100.jpg 100w\" sizes=\"(max-width: 362px) 100vw, 362px\" \/>\t\t\t\t\t\t\t\t\t\t\t\t\t\t\t<\/div>\n\t\t\t\t<\/div>\n\t\t\t\t<\/div>\n\t\t<div class=\"elementor-element elementor-element-f00720a e-con-full e-flex qodef-elementor-content-no e-con e-child\" data-id=\"f00720a\" data-element_type=\"container\" data-settings=\"{&quot;jet_parallax_layout_list&quot;:[]}\">\n\t\t\t\t<div class=\"elementor-element elementor-element-c3fcc35 elementor-widget elementor-widget-heading\" data-id=\"c3fcc35\" data-element_type=\"widget\" data-widget_type=\"heading.default\">\n\t\t\t\t<div class=\"elementor-widget-container\">\n\t\t\t\t\t<h2 class=\"elementor-heading-title elementor-size-default\">Dominique CHARLEMAGNE<\/h2>\t\t\t\t<\/div>\n\t\t\t\t<\/div>\n\t\t\t\t<div class=\"elementor-element elementor-element-98659ad elementor-widget elementor-widget-text-editor\" data-id=\"98659ad\" data-element_type=\"widget\" data-widget_type=\"text-editor.default\">\n\t\t\t\t<div class=\"elementor-widget-container\">\n\t\t\t\t\t\t\t\t\t<p data-start=\"82\" data-end=\"375\">Dominique incarne l\u2019\u00e9l\u00e9gance de l\u2019accueil et l\u2019authenticit\u00e9 des maisons de caract\u00e8re. Pendant de nombreuses ann\u00e9es, elle a \u00e9t\u00e9 responsable, aux c\u00f4t\u00e9s de sa s\u0153ur, de l\u2019h\u00f4tel familial de l\u2019Hermitage \u00e0 Th\u00f4nes, o\u00f9 elle a d\u00e9velopp\u00e9 un v\u00e9ritable sens du service et de l\u2019attention port\u00e9e aux d\u00e9tails.<\/p><p data-start=\"377\" data-end=\"563\">Habitu\u00e9e \u00e0 recevoir et \u00e0 cr\u00e9er une atmosph\u00e8re chaleureuse, elle attache une importance particuli\u00e8re \u00e0 l\u2019exp\u00e9rience v\u00e9cue par chaque visiteur, m\u00ealant convivialit\u00e9, exigence et simplicit\u00e9.<\/p><p data-start=\"565\" data-end=\"820\">Profond\u00e9ment attach\u00e9e \u00e0 la nature, Dominique trouve son \u00e9quilibre en ext\u00e9rieur, notamment \u00e0 travers sa passion pour les chevaux. Cavali\u00e8re, elle entretient un lien privil\u00e9gi\u00e9 avec cet univers, qui refl\u00e8te son go\u00fbt pour l\u2019authenticit\u00e9 et les choses vraies.<\/p>\t\t\t\t\t\t\t\t<\/div>\n\t\t\t\t<\/div>\n\t\t\t\t<\/div>\n\t\t\t\t\t<\/div>\n\t\t\t\t<\/div>\n\t\t<div class=\"elementor-element elementor-element-c823c86 e-flex e-con-boxed qodef-elementor-content-no e-con e-parent\" data-id=\"c823c86\" data-element_type=\"container\" data-settings=\"{&quot;jet_parallax_layout_list&quot;:[]}\">\n\t\t\t\t\t<div class=\"e-con-inner\">\n\t\t<div class=\"elementor-element elementor-element-fc7a1f5 e-con-full e-flex qodef-elementor-content-no e-con e-child\" data-id=\"fc7a1f5\" data-element_type=\"container\" data-settings=\"{&quot;jet_parallax_layout_list&quot;:[]}\">\n\t\t\t\t<div class=\"elementor-element elementor-element-56f3835 elementor-widget elementor-widget-heading\" data-id=\"56f3835\" data-element_type=\"widget\" data-widget_type=\"heading.default\">\n\t\t\t\t<div class=\"elementor-widget-container\">\n\t\t\t\t\t<h2 class=\"elementor-heading-title elementor-size-default\">Joris CHARLEMAGNE<\/h2>\t\t\t\t<\/div>\n\t\t\t\t<\/div>\n\t\t\t\t<div class=\"elementor-element elementor-element-dcd530c elementor-widget elementor-widget-text-editor\" data-id=\"dcd530c\" data-element_type=\"widget\" data-widget_type=\"text-editor.default\">\n\t\t\t\t<div class=\"elementor-widget-container\">\n\t\t\t\t\t\t\t\t\t<p data-start=\"110\" data-end=\"259\">Joris est un passionn\u00e9 de nature et d\u2019aventure, dont le parcours riche et polyvalent refl\u00e8te un v\u00e9ritable engagement pour les activit\u00e9s de plein air.<\/p>\n<p data-start=\"110\" data-end=\"259\">Cavalier exp\u00e9riment\u00e9, il a d\u00e9velopp\u00e9 une relation fine avec les chevaux, alliant ma\u00eetrise technique et sensibilit\u00e9. Son expertise ne s\u2019arr\u00eate pas l\u00e0 : il a \u00e9galement exerc\u00e9 en tant que moniteur dans plusieurs disciplines exigeantes, notamment l\u2019escalade, le canyoning et le VTT, accompagnant des pratiquants de tous niveaux en toute s\u00e9curit\u00e9.<\/p>\n<p data-start=\"110\" data-end=\"259\">Fort de cette exp\u00e9rience terrain, Joris a ensuite occup\u00e9 un r\u00f4le \u00e0 haute responsabilit\u00e9 en tant que formateur de ma\u00eetres-chiens d\u2019avalanche. Dans cet environnement extr\u00eame, il a contribu\u00e9 \u00e0 la pr\u00e9paration d\u2019\u00e9quipes capables d\u2019intervenir dans des situations critiques, o\u00f9 rigueur, sang-froid et pr\u00e9cision sont essentiels.<\/p>\t\t\t\t\t\t\t\t<\/div>\n\t\t\t\t<\/div>\n\t\t\t\t<\/div>\n\t\t<div class=\"elementor-element elementor-element-fd1b3b8 e-con-full e-flex qodef-elementor-content-no e-con e-child\" data-id=\"fd1b3b8\" data-element_type=\"container\" data-settings=\"{&quot;background_background&quot;:&quot;classic&quot;,&quot;jet_parallax_layout_list&quot;:[]}\">\n\t\t\t\t<div class=\"elementor-element elementor-element-4ad542f elementor-widget elementor-widget-image\" data-id=\"4ad542f\" data-element_type=\"widget\" data-widget_type=\"image.default\">\n\t\t\t\t<div class=\"elementor-widget-container\">\n\t\t\t\t\t\t\t\t\t\t\t\t\t\t\t<img decoding=\"async\" width=\"418\" height=\"418\" src=\"https:\/\/lemascharlemagne.fr\/wp-content\/uploads\/2023\/12\/elevage-de-chevaux.jpg\" class=\"attachment-large size-large wp-image-1050\" alt=\"Joris cavalier\" srcset=\"https:\/\/lemascharlemagne.fr\/wp-content\/uploads\/2023\/12\/elevage-de-chevaux.jpg 418w, https:\/\/lemascharlemagne.fr\/wp-content\/uploads\/2023\/12\/elevage-de-chevaux-300x300.jpg 300w, https:\/\/lemascharlemagne.fr\/wp-content\/uploads\/2023\/12\/elevage-de-chevaux-100x100.jpg 100w, https:\/\/lemascharlemagne.fr\/wp-content\/uploads\/2023\/12\/elevage-de-chevaux-150x150.jpg 150w\" sizes=\"(max-width: 418px) 100vw, 418px\" \/>\t\t\t\t\t\t\t\t\t\t\t\t\t\t\t<\/div>\n\t\t\t\t<\/div>\n\t\t\t\t<\/div>\n\t\t\t\t\t<\/div>\n\t\t\t\t<\/div>\n\t\t<div class=\"elementor-element elementor-element-5b56335 e-flex e-con-boxed qodef-elementor-content-no e-con e-parent\" data-id=\"5b56335\" data-element_type=\"container\" data-settings=\"{&quot;jet_parallax_layout_list&quot;:[]}\">\n\t\t\t\t\t<div class=\"e-con-inner\">\n\t\t<div class=\"elementor-element elementor-element-c5741d6 e-con-full e-flex qodef-elementor-content-no e-con e-child\" data-id=\"c5741d6\" data-element_type=\"container\" data-settings=\"{&quot;background_background&quot;:&quot;classic&quot;,&quot;jet_parallax_layout_list&quot;:[]}\">\n\t\t\t\t<div class=\"elementor-element elementor-element-73c1579 elementor-widget elementor-widget-qi_addons_for_elementor_section_title\" data-id=\"73c1579\" data-element_type=\"widget\" data-widget_type=\"qi_addons_for_elementor_section_title.default\">\n\t\t\t\t<div class=\"elementor-widget-container\">\n\t\t\t\t\t<div class=\"qodef-shortcode qodef-m qodef-qi-section-title qodef-decoration--italic qodef-link--underline-draw qodef-subtitle-icon--left\">\n\t\t\t\t<h5 class=\"qodef-m-subtitle\">\n\t\t\u00c9levage de Pur Sang Lusitaniens\t\t\t<\/h5>\n\t\t\t<h2 class=\"qodef-m-title\">\n\t\t\u00c9galement sur le domaine\t<\/h2>\n\t\t\t<div class=\"qodef-m-text\"><p><span class=\"qodef-m-letter\">Nous \u00e9levons du Pur Sang <\/span>Lusitanien, un cheval unique qui a d'abord fait chavirer notre coeur en tant que cavaliers, pour ensuite nous faire devenir \u00e9leveurs.\u00a0<\/p><p>\u00a0<\/p><\/div>\n\t\t<div class=\"qodef-m-button qodef-qi-clear\">\n\t\t<a class=\"qodef-shortcode qodef-m qodef-qi-button qodef-html--link qodef-layout--filled qodef-type--standard qodef-icon--right qodef-hover--icon-move-horizontal-short\" href=\"https:\/\/elevagecharlemagne.com\/\" target=\"_self\">\t<span class=\"qodef-m-text\">Visiter l&#039;\u00e9levage <\/span>\t<\/a>\t<\/div>\n<\/div>\n\t\t\t\t<\/div>\n\t\t\t\t<\/div>\n\t\t\t\t<\/div>\n\t\t<div class=\"elementor-element elementor-element-7d35cfc e-con-full e-flex qodef-elementor-content-no e-con e-child\" data-id=\"7d35cfc\" data-element_type=\"container\" data-settings=\"{&quot;jet_parallax_layout_list&quot;:[]}\">\n\t\t\t\t<div class=\"elementor-element elementor-element-28ca234 elementor-widget__width-initial elementor-widget elementor-widget-image\" data-id=\"28ca234\" data-element_type=\"widget\" data-widget_type=\"image.default\">\n\t\t\t\t<div class=\"elementor-widget-container\">\n\t\t\t\t\t\t\t\t\t\t\t\t\t\t\t<img loading=\"lazy\" decoding=\"async\" width=\"640\" height=\"427\" src=\"https:\/\/lemascharlemagne.fr\/wp-content\/uploads\/2023\/12\/charlemagne.jpeg\" class=\"attachment-large size-large wp-image-1087\" alt=\"photo charlemagne\" srcset=\"https:\/\/lemascharlemagne.fr\/wp-content\/uploads\/2023\/12\/charlemagne.jpeg 640w, https:\/\/lemascharlemagne.fr\/wp-content\/uploads\/2023\/12\/charlemagne-600x400.jpeg 600w, https:\/\/lemascharlemagne.fr\/wp-content\/uploads\/2023\/12\/charlemagne-300x200.jpeg 300w\" sizes=\"(max-width: 640px) 100vw, 640px\" \/>\t\t\t\t\t\t\t\t\t\t\t\t\t\t\t<\/div>\n\t\t\t\t<\/div>\n\t\t\t\t<\/div>\n\t\t\t\t\t<\/div>\n\t\t\t\t<\/div>\n\t\t<div class=\"elementor-element elementor-element-b08597b e-flex e-con-boxed qodef-elementor-content-no e-con e-parent\" data-id=\"b08597b\" data-element_type=\"container\" data-settings=\"{&quot;jet_parallax_layout_list&quot;:[]}\">\n\t\t\t\t\t<div class=\"e-con-inner\">\n\t\t\t\t\t<\/div>\n\t\t\t\t<\/div>\n\t\t\t\t<\/div>\n\t\t","protected":false},"excerpt":{"rendered":"<p>L&rsquo;histoire du Mas Charlemagne L&rsquo;accueil dans les g\u00e8nes Originaires de la Haute Savoie, vall\u00e9e des Aravis, tout deux, pisteurs secouristes, ma\u00eetres chiens d&rsquo;avalanches, Joris moniteur d&rsquo;escalade, canyoning, vtt, formateur des ma\u00eetres chiens d&rsquo;avalanche et Dominique responsable avec sa soeur de l&rsquo;h\u00f4tel familial de L&rsquo;Hermitage \u00e0 Th\u00f4nes. Amoureux de la nature et des beaux paysages, nous [&hellip;]<\/p>\n","protected":false},"author":1,"featured_media":1598,"parent":0,"menu_order":0,"comment_status":"closed","ping_status":"closed","template":"qi-full-width.php","meta":{"inline_featured_image":false,"footnotes":""},"class_list":["post-198","page","type-page","status-publish","has-post-thumbnail","hentry"],"yoast_head":"<!-- This site is optimized with the Yoast SEO plugin v26.5 - https:\/\/yoast.com\/wordpress\/plugins\/seo\/ -->\n<title>\u00c0 PROPOS - Le Mas Charlemagne<\/title>\n<meta name=\"description\" content=\"le Mas Charlemagne &amp; Le clos des M\u00fbriers \u2022 Location de g\u00eetes 5 \u00e0 13 personnes tout confort avec piscine au coeur de l&#039;Ard\u00e8che.\" \/>\n<meta name=\"robots\" content=\"index, follow, max-snippet:-1, max-image-preview:large, max-video-preview:-1\" \/>\n<link rel=\"canonical\" href=\"https:\/\/lemascharlemagne.fr\/?page_id=198\" \/>\n<meta property=\"og:locale\" content=\"fr_FR\" \/>\n<meta property=\"og:type\" content=\"article\" \/>\n<meta property=\"og:title\" content=\"le Mas Charlemagne &amp; Le clos des M\u00fbriers\" \/>\n<meta property=\"og:description\" content=\"Location de g\u00eetes 5 \u00e0 13 personnes tout confort avec piscine au coeur de l&#039;Ard\u00e8che.\" \/>\n<meta property=\"og:url\" content=\"https:\/\/lemascharlemagne.fr\/?page_id=198\" \/>\n<meta property=\"og:site_name\" content=\"Le Mas Charlemagne\" \/>\n<meta property=\"article:publisher\" content=\"https:\/\/www.facebook.com\/profile.php?id=100064532448260\" \/>\n<meta property=\"article:modified_time\" content=\"2026-03-18T14:02:22+00:00\" \/>\n<meta property=\"og:image\" content=\"https:\/\/lemascharlemagne.fr\/wp-content\/uploads\/2023\/12\/le-mas-charlemagne_partage-1.webp\" \/>\n\t<meta property=\"og:image:width\" content=\"800\" \/>\n\t<meta property=\"og:image:height\" content=\"574\" \/>\n\t<meta property=\"og:image:type\" content=\"image\/webp\" \/>\n<meta name=\"twitter:card\" content=\"summary_large_image\" \/>\n<meta name=\"twitter:label1\" content=\"Dur\u00e9e de lecture estim\u00e9e\" \/>\n\t<meta name=\"twitter:data1\" content=\"3 minutes\" \/>\n<script type=\"application\/ld+json\" class=\"yoast-schema-graph\">{\"@context\":\"https:\/\/schema.org\",\"@graph\":[{\"@type\":\"WebPage\",\"@id\":\"https:\/\/lemascharlemagne.fr\/?page_id=198\",\"url\":\"https:\/\/lemascharlemagne.fr\/?page_id=198\",\"name\":\"\u00c0 PROPOS - Le Mas Charlemagne\",\"isPartOf\":{\"@id\":\"http:\/\/localhost:8888\/mas\/#website\"},\"primaryImageOfPage\":{\"@id\":\"https:\/\/lemascharlemagne.fr\/?page_id=198#primaryimage\"},\"image\":{\"@id\":\"https:\/\/lemascharlemagne.fr\/?page_id=198#primaryimage\"},\"thumbnailUrl\":\"https:\/\/lemascharlemagne.fr\/wp-content\/uploads\/2023\/12\/le-mas-charlemagne_partage-1.webp\",\"datePublished\":\"2020-10-09T14:37:18+00:00\",\"dateModified\":\"2026-03-18T14:02:22+00:00\",\"description\":\"le Mas Charlemagne & Le clos des M\u00fbriers \u2022 Location de g\u00eetes 5 \u00e0 13 personnes tout confort avec piscine au coeur de l'Ard\u00e8che.\",\"breadcrumb\":{\"@id\":\"https:\/\/lemascharlemagne.fr\/?page_id=198#breadcrumb\"},\"inLanguage\":\"fr-FR\",\"potentialAction\":[{\"@type\":\"ReadAction\",\"target\":[\"https:\/\/lemascharlemagne.fr\/?page_id=198\"]}]},{\"@type\":\"ImageObject\",\"inLanguage\":\"fr-FR\",\"@id\":\"https:\/\/lemascharlemagne.fr\/?page_id=198#primaryimage\",\"url\":\"https:\/\/lemascharlemagne.fr\/wp-content\/uploads\/2023\/12\/le-mas-charlemagne_partage-1.webp\",\"contentUrl\":\"https:\/\/lemascharlemagne.fr\/wp-content\/uploads\/2023\/12\/le-mas-charlemagne_partage-1.webp\",\"width\":800,\"height\":574,\"caption\":\"Ancien accueil Mas Charlemagne\"},{\"@type\":\"BreadcrumbList\",\"@id\":\"https:\/\/lemascharlemagne.fr\/?page_id=198#breadcrumb\",\"itemListElement\":[{\"@type\":\"ListItem\",\"position\":1,\"name\":\"Accueil\",\"item\":\"https:\/\/lemascharlemagne.fr\/\"},{\"@type\":\"ListItem\",\"position\":2,\"name\":\"\u00c0 PROPOS\"}]},{\"@type\":\"WebSite\",\"@id\":\"http:\/\/localhost:8888\/mas\/#website\",\"url\":\"http:\/\/localhost:8888\/mas\/\",\"name\":\"Le Mas Charlemagne\",\"description\":\"\",\"publisher\":{\"@id\":\"http:\/\/localhost:8888\/mas\/#organization\"},\"potentialAction\":[{\"@type\":\"SearchAction\",\"target\":{\"@type\":\"EntryPoint\",\"urlTemplate\":\"http:\/\/localhost:8888\/mas\/?s={search_term_string}\"},\"query-input\":{\"@type\":\"PropertyValueSpecification\",\"valueRequired\":true,\"valueName\":\"search_term_string\"}}],\"inLanguage\":\"fr-FR\"},{\"@type\":\"Organization\",\"@id\":\"http:\/\/localhost:8888\/mas\/#organization\",\"name\":\"Le Mas Charlemagne\",\"url\":\"http:\/\/localhost:8888\/mas\/\",\"logo\":{\"@type\":\"ImageObject\",\"inLanguage\":\"fr-FR\",\"@id\":\"http:\/\/localhost:8888\/mas\/#\/schema\/logo\/image\/\",\"url\":\"https:\/\/mas.elevagecharlemagne.com\/wp-content\/uploads\/2023\/12\/LOGO_le-mas-charlemagne_stiky.png\",\"contentUrl\":\"https:\/\/mas.elevagecharlemagne.com\/wp-content\/uploads\/2023\/12\/LOGO_le-mas-charlemagne_stiky.png\",\"width\":800,\"height\":137,\"caption\":\"Le Mas Charlemagne\"},\"image\":{\"@id\":\"http:\/\/localhost:8888\/mas\/#\/schema\/logo\/image\/\"},\"sameAs\":[\"https:\/\/www.facebook.com\/profile.php?id=100064532448260\",\"https:\/\/www.instagram.com\/lemascharlemagne\/\"]}]}<\/script>\n<!-- \/ Yoast SEO plugin. -->","yoast_head_json":{"title":"\u00c0 PROPOS - Le Mas Charlemagne","description":"le Mas Charlemagne & Le clos des M\u00fbriers \u2022 Location de g\u00eetes 5 \u00e0 13 personnes tout confort avec piscine au coeur de l'Ard\u00e8che.","robots":{"index":"index","follow":"follow","max-snippet":"max-snippet:-1","max-image-preview":"max-image-preview:large","max-video-preview":"max-video-preview:-1"},"canonical":"https:\/\/lemascharlemagne.fr\/?page_id=198","og_locale":"fr_FR","og_type":"article","og_title":"le Mas Charlemagne & Le clos des M\u00fbriers","og_description":"Location de g\u00eetes 5 \u00e0 13 personnes tout confort avec piscine au coeur de l'Ard\u00e8che.","og_url":"https:\/\/lemascharlemagne.fr\/?page_id=198","og_site_name":"Le Mas Charlemagne","article_publisher":"https:\/\/www.facebook.com\/profile.php?id=100064532448260","article_modified_time":"2026-03-18T14:02:22+00:00","og_image":[{"width":800,"height":574,"url":"https:\/\/lemascharlemagne.fr\/wp-content\/uploads\/2023\/12\/le-mas-charlemagne_partage-1.webp","type":"image\/webp"}],"twitter_card":"summary_large_image","twitter_misc":{"Dur\u00e9e de lecture estim\u00e9e":"3 minutes"},"schema":{"@context":"https:\/\/schema.org","@graph":[{"@type":"WebPage","@id":"https:\/\/lemascharlemagne.fr\/?page_id=198","url":"https:\/\/lemascharlemagne.fr\/?page_id=198","name":"\u00c0 PROPOS - Le Mas Charlemagne","isPartOf":{"@id":"http:\/\/localhost:8888\/mas\/#website"},"primaryImageOfPage":{"@id":"https:\/\/lemascharlemagne.fr\/?page_id=198#primaryimage"},"image":{"@id":"https:\/\/lemascharlemagne.fr\/?page_id=198#primaryimage"},"thumbnailUrl":"https:\/\/lemascharlemagne.fr\/wp-content\/uploads\/2023\/12\/le-mas-charlemagne_partage-1.webp","datePublished":"2020-10-09T14:37:18+00:00","dateModified":"2026-03-18T14:02:22+00:00","description":"le Mas Charlemagne & Le clos des M\u00fbriers \u2022 Location de g\u00eetes 5 \u00e0 13 personnes tout confort avec piscine au coeur de l'Ard\u00e8che.","breadcrumb":{"@id":"https:\/\/lemascharlemagne.fr\/?page_id=198#breadcrumb"},"inLanguage":"fr-FR","potentialAction":[{"@type":"ReadAction","target":["https:\/\/lemascharlemagne.fr\/?page_id=198"]}]},{"@type":"ImageObject","inLanguage":"fr-FR","@id":"https:\/\/lemascharlemagne.fr\/?page_id=198#primaryimage","url":"https:\/\/lemascharlemagne.fr\/wp-content\/uploads\/2023\/12\/le-mas-charlemagne_partage-1.webp","contentUrl":"https:\/\/lemascharlemagne.fr\/wp-content\/uploads\/2023\/12\/le-mas-charlemagne_partage-1.webp","width":800,"height":574,"caption":"Ancien accueil Mas Charlemagne"},{"@type":"BreadcrumbList","@id":"https:\/\/lemascharlemagne.fr\/?page_id=198#breadcrumb","itemListElement":[{"@type":"ListItem","position":1,"name":"Accueil","item":"https:\/\/lemascharlemagne.fr\/"},{"@type":"ListItem","position":2,"name":"\u00c0 PROPOS"}]},{"@type":"WebSite","@id":"http:\/\/localhost:8888\/mas\/#website","url":"http:\/\/localhost:8888\/mas\/","name":"Le Mas Charlemagne","description":"","publisher":{"@id":"http:\/\/localhost:8888\/mas\/#organization"},"potentialAction":[{"@type":"SearchAction","target":{"@type":"EntryPoint","urlTemplate":"http:\/\/localhost:8888\/mas\/?s={search_term_string}"},"query-input":{"@type":"PropertyValueSpecification","valueRequired":true,"valueName":"search_term_string"}}],"inLanguage":"fr-FR"},{"@type":"Organization","@id":"http:\/\/localhost:8888\/mas\/#organization","name":"Le Mas Charlemagne","url":"http:\/\/localhost:8888\/mas\/","logo":{"@type":"ImageObject","inLanguage":"fr-FR","@id":"http:\/\/localhost:8888\/mas\/#\/schema\/logo\/image\/","url":"https:\/\/mas.elevagecharlemagne.com\/wp-content\/uploads\/2023\/12\/LOGO_le-mas-charlemagne_stiky.png","contentUrl":"https:\/\/mas.elevagecharlemagne.com\/wp-content\/uploads\/2023\/12\/LOGO_le-mas-charlemagne_stiky.png","width":800,"height":137,"caption":"Le Mas Charlemagne"},"image":{"@id":"http:\/\/localhost:8888\/mas\/#\/schema\/logo\/image\/"},"sameAs":["https:\/\/www.facebook.com\/profile.php?id=100064532448260","https:\/\/www.instagram.com\/lemascharlemagne\/"]}]}},"_links":{"self":[{"href":"https:\/\/lemascharlemagne.fr\/index.php?rest_route=\/wp\/v2\/pages\/198","targetHints":{"allow":["GET"]}}],"collection":[{"href":"https:\/\/lemascharlemagne.fr\/index.php?rest_route=\/wp\/v2\/pages"}],"about":[{"href":"https:\/\/lemascharlemagne.fr\/index.php?rest_route=\/wp\/v2\/types\/page"}],"author":[{"embeddable":true,"href":"https:\/\/lemascharlemagne.fr\/index.php?rest_route=\/wp\/v2\/users\/1"}],"replies":[{"embeddable":true,"href":"https:\/\/lemascharlemagne.fr\/index.php?rest_route=%2Fwp%2Fv2%2Fcomments&post=198"}],"version-history":[{"count":47,"href":"https:\/\/lemascharlemagne.fr\/index.php?rest_route=\/wp\/v2\/pages\/198\/revisions"}],"predecessor-version":[{"id":2366,"href":"https:\/\/lemascharlemagne.fr\/index.php?rest_route=\/wp\/v2\/pages\/198\/revisions\/2366"}],"wp:featuredmedia":[{"embeddable":true,"href":"https:\/\/lemascharlemagne.fr\/index.php?rest_route=\/wp\/v2\/media\/1598"}],"wp:attachment":[{"href":"https:\/\/lemascharlemagne.fr\/index.php?rest_route=%2Fwp%2Fv2%2Fmedia&parent=198"}],"curies":[{"name":"wp","href":"https:\/\/api.w.org\/{rel}","templated":true}]}}